
{"id":3829,"date":"2017-06-14T08:55:23","date_gmt":"2017-06-14T08:55:23","guid":{"rendered":"http:\/\/fourstars.si\/ponudba\/flizelin-perforirana-rola-08-x-150-m-beautytim\/"},"modified":"2020-04-10T17:16:13","modified_gmt":"2020-04-10T17:16:13","slug":"flizelin-perforirana-rola-08-x-150-m-beautytim","status":"publish","type":"product","link":"https:\/\/fourstars.si\/hr\/ponudba\/flizelin-perforirana-rola-08-x-150-m-beautytim\/","title":{"rendered":"Flizelin perforirana rola 0,8 x 150 m | BEAUTYtim"},"content":{"rendered":"150 metara duga i 80 centimetara \u0161iroka perforirana rola za jednokratnu upotrebu. Flizelin je perforiran na svakih 200 cm.\r\n\u00a0\r\nFlizelin je, naj\u010de\u0161\u0107e, upotrijebljena za\u0161tita kozmeti\u010dkog ili masa\u017enog stola. Izra\u0111en je od mekog i nealergenog materijala.","protected":false},"excerpt":{"rendered":"<p>150 metara duga i 80 centimetara \u0161iroka perforirana rola za jednokratnu upotrebu. Flizelin je perforiran na svakih 200 cm. \u00a0 Flizelin je, naj\u010de\u0161\u0107e, upotrijebljena za\u0161tita kozmeti\u010dkog ili masa\u017enog stola. Izra\u0111en je od mekog i nealergenog materijala.<\/p>\n","protected":false},"featured_media":3701,"template":"","meta":[],"product_brand":[],"product_cat":[98],"product_tag":[],"class_list":{"0":"post-3829","1":"product","2":"type-product","3":"status-publish","4":"has-post-thumbnail","6":"product_cat-potrosni-materijal","8":"first","9":"instock","10":"taxable","11":"shipping-taxable","12":"product-type-simple"},"jetpack_sharing_enabled":true,"_links":{"self":[{"href":"https:\/\/fourstars.si\/hr\/wp-json\/wp\/v2\/product\/3829","targetHints":{"allow":["GET"]}}],"collection":[{"href":"https:\/\/fourstars.si\/hr\/wp-json\/wp\/v2\/product"}],"about":[{"href":"https:\/\/fourstars.si\/hr\/wp-json\/wp\/v2\/types\/product"}],"wp:featuredmedia":[{"embeddable":true,"href":"https:\/\/fourstars.si\/hr\/wp-json\/wp\/v2\/media\/3701"}],"wp:attachment":[{"href":"https:\/\/fourstars.si\/hr\/wp-json\/wp\/v2\/media?parent=3829"}],"wp:term":[{"taxonomy":"product_brand","embeddable":true,"href":"https:\/\/fourstars.si\/hr\/wp-json\/wp\/v2\/product_brand?post=3829"},{"taxonomy":"product_cat","embeddable":true,"href":"https:\/\/fourstars.si\/hr\/wp-json\/wp\/v2\/product_cat?post=3829"},{"taxonomy":"product_tag","embeddable":true,"href":"https:\/\/fourstars.si\/hr\/wp-json\/wp\/v2\/product_tag?post=3829"}],"curies":[{"name":"wp","href":"https:\/\/api.w.org\/{rel}","templated":true}]}}