
{"id":12657,"date":"2024-05-20T12:53:13","date_gmt":"2024-05-20T12:53:13","guid":{"rendered":"https:\/\/fourstars.si\/adriatic-spa-apartment\/"},"modified":"2024-06-10T07:08:23","modified_gmt":"2024-06-10T07:08:23","slug":"adriatic-spa-apartment","status":"publish","type":"page","link":"https:\/\/fourstars.si\/hr\/adriatic-spa-apartment\/","title":{"rendered":"Adriatic SPA Apartment"},"content":{"rendered":"\t\t<div data-elementor-type=\"wp-page\" data-elementor-id=\"12657\" class=\"elementor elementor-12657 elementor-12529\">\n\t\t\t\t\t\t<section class=\"elementor-section elementor-top-section elementor-element elementor-element-b4a54c5 elementor-section-boxed elementor-section-height-default elementor-section-height-default\" data-id=\"b4a54c5\" data-element_type=\"section\" data-e-type=\"section\">\n\t\t\t\t\t\t<div class=\"elementor-container elementor-column-gap-default\">\n\t\t\t\t\t<div class=\"elementor-column elementor-col-100 elementor-top-column elementor-element elementor-element-ec20325\" data-id=\"ec20325\" data-element_type=\"column\" data-e-type=\"column\">\n\t\t\t<div class=\"elementor-widget-wrap\">\n\t\t\t\t\t\t\t<\/div>\n\t\t<\/div>\n\t\t\t\t\t<\/div>\n\t\t<\/section>\n\t\t\t\t<section class=\"elementor-section elementor-top-section elementor-element elementor-element-baadf2b elementor-section-boxed elementor-section-height-default elementor-section-height-default\" data-id=\"baadf2b\" data-element_type=\"section\" data-e-type=\"section\">\n\t\t\t\t\t\t<div class=\"elementor-container elementor-column-gap-default\">\n\t\t\t\t\t<div class=\"elementor-column elementor-col-100 elementor-top-column elementor-element elementor-element-b54c0d2\" data-id=\"b54c0d2\" data-element_type=\"column\" data-e-type=\"column\">\n\t\t\t<div class=\"elementor-widget-wrap elementor-element-populated\">\n\t\t\t\t\t\t<div class=\"elementor-element elementor-element-ee52325 elementor-align-left elementor-widget elementor-widget-pages-restaurant-content\" data-id=\"ee52325\" data-element_type=\"widget\" data-e-type=\"widget\" data-widget_type=\"pages-restaurant-content.default\">\n\t\t\t\t<div class=\"elementor-widget-container\">\n\t\t\t\t\t\r\n\t\t<section class=\"rooms-page section-padding\" data-scroll-index=\"1\">\r\n\t\t\t<div class=\"container\">\r\n\t\t\t\t<div class=\"row\">\r\n\t\t\t\t\t<div class=\"col-md-12 text-left\"> \r\n\t\t\t\t\t\t<span>\r\n\t\t\t\t\t\t\t\t\t\t\t\t\t\t\t<i class=\"star-rating\"><\/i>\r\n\t\t\t\t\t\t\t\t<i class=\"star-rating\"><\/i>\r\n\t\t\t\t\t\t\t\t<i class=\"star-rating\"><\/i>\r\n\t\t\t\t\t\t\t\t<i class=\"star-rating\"><\/i>\r\n\t\t\t\t\t\t\t\t\t\t\t\t\t<\/span>\r\n\t\t\t\t\t\t\t\t\t\t\t\t\t<div class=\"section-subtitle\">LUKSUZNI SMJE\u0160TAJ<\/div>\r\n\t\t\t\t\t\t\t\t\t\t\t\t\t\t\t\t\t\t\t<div class=\"section-title\">Adriatic SPA Apartment<\/div>\r\n\t\t\t\t\t\t\t\t\t\t\t<\/div>\r\n\t\t\t\t\t<div class=\"col-md-12\">\r\n\t\t\t\t\t\t\t\t\t\t\t\tVeseli nas \u0161to vam mo\u017eemo predstaviti na\u0161 prekrasni Adriatic SPA Apartment, savr\u0161eno uto\u010di\u0161te za va\u0161 odmor na moru. Moderan apartman povr\u0161ine 46m<sup>2<\/sup>, s velikom natkrivenom terasom od \u010dak 40m<sup>2<\/sup> udaljen je samo minutu i 30 sekundi hoda od ure\u0111ene pla\u017ee na kojoj mo\u017eete u\u017eivati \u200b\u200bu osvje\u017eavaju\u0107em morskom ugo\u0111aju. Elektri\u010dnu energiju dobrim dijelom dobivamo od sunca i time dajemo svoj doprinos za bolje sutra.\t\t\t\t\t\t\t\t\t\t\t\t<ul class=\"list-unstyled page-list mb-30\">\r\n\t\t\t\t\t\t\t\t\t\t\t\t\t\t\t<li>\r\n\t\t\t\t\t\t\t\t\t\t\t\t\t\t\t\t\t\t\t\t\t\t\t\t\t\t<\/li>\r\n\t\t\t\t\t\t\t\t\t\t\t\t\t<\/ul>\r\n\t\t\t\t\t<\/div>\r\n\t\t\t\t<\/div>\r\n\t\t\t<\/div>\r\n\t\t<\/section>\r\n\r\n\t\t\t\t\t<\/div>\n\t\t\t\t<\/div>\n\t\t\t\t\t<\/div>\n\t\t<\/div>\n\t\t\t\t\t<\/div>\n\t\t<\/section>\n\t\t\t\t<section class=\"elementor-section elementor-top-section elementor-element elementor-element-6226b59 elementor-section-boxed elementor-section-height-default elementor-section-height-default\" data-id=\"6226b59\" data-element_type=\"section\" data-e-type=\"section\">\n\t\t\t\t\t\t<div class=\"elementor-container elementor-column-gap-default\">\n\t\t\t\t\t<div class=\"elementor-column elementor-col-100 elementor-top-column elementor-element elementor-element-bbd97ba\" data-id=\"bbd97ba\" data-element_type=\"column\" data-e-type=\"column\">\n\t\t\t<div class=\"elementor-widget-wrap elementor-element-populated\">\n\t\t\t\t\t\t<div class=\"elementor-element elementor-element-2d84099 elementor-arrows-position-inside elementor-pagination-position-outside elementor-widget elementor-widget-image-carousel\" data-id=\"2d84099\" data-element_type=\"widget\" data-e-type=\"widget\" data-settings=\"{&quot;navigation&quot;:&quot;both&quot;,&quot;autoplay&quot;:&quot;yes&quot;,&quot;pause_on_hover&quot;:&quot;yes&quot;,&quot;pause_on_interaction&quot;:&quot;yes&quot;,&quot;autoplay_speed&quot;:5000,&quot;infinite&quot;:&quot;yes&quot;,&quot;speed&quot;:500}\" data-widget_type=\"image-carousel.default\">\n\t\t\t\t<div class=\"elementor-widget-container\">\n\t\t\t\t\t\t\t<div class=\"elementor-image-carousel-wrapper swiper\" role=\"region\" aria-roledescription=\"carousel\" aria-label=\"Vrtuljak slika\" dir=\"ltr\">\n\t\t\t<div class=\"elementor-image-carousel swiper-wrapper\" aria-live=\"off\">\n\t\t\t\t\t\t\t\t<div class=\"swiper-slide\" role=\"group\" aria-roledescription=\"slide\" aria-label=\"1 od 4\"><figure class=\"swiper-slide-inner\"><img decoding=\"async\" class=\"swiper-slide-image\" src=\"https:\/\/fourstars.si\/wp-content\/uploads\/2024\/05\/pametna-televizija-1.jpg\" alt=\"xr:d:DAGAgjdPOWA:21,j:3726025567552071852,t:24032511\" \/><\/figure><\/div><div class=\"swiper-slide\" role=\"group\" aria-roledescription=\"slide\" aria-label=\"2 od 4\"><figure class=\"swiper-slide-inner\"><img decoding=\"async\" class=\"swiper-slide-image\" src=\"https:\/\/fourstars.si\/wp-content\/uploads\/2024\/05\/adriatic-spa-selce-dnevana-soba-1.jpg\" alt=\"xr:d:DAGAgjdPOWA:6,j:3429913887914613711,t:24032510\" \/><\/figure><\/div><div class=\"swiper-slide\" role=\"group\" aria-roledescription=\"slide\" aria-label=\"3 od 4\"><figure class=\"swiper-slide-inner\"><img decoding=\"async\" class=\"swiper-slide-image\" src=\"https:\/\/fourstars.si\/wp-content\/uploads\/2024\/05\/jacuzzi-selce.jpg\" alt=\"xr:d:DAGBP476_3Q:8,j:3944450956348011701,t:24040207\" \/><\/figure><\/div><div class=\"swiper-slide\" role=\"group\" aria-roledescription=\"slide\" aria-label=\"4 od 4\"><figure class=\"swiper-slide-inner\"><img decoding=\"async\" class=\"swiper-slide-image\" src=\"https:\/\/fourstars.si\/wp-content\/uploads\/2024\/05\/adriatic-spa-selce-spalnica-1.jpg\" alt=\"xr:d:DAGAgjdPOWA:4,j:1225401873491268098,t:24032510\" \/><\/figure><\/div>\t\t\t<\/div>\n\t\t\t\t\t\t\t\t\t\t\t\t<div class=\"elementor-swiper-button elementor-swiper-button-prev\" role=\"button\" tabindex=\"0\">\n\t\t\t\t\t\t<i aria-hidden=\"true\" class=\"eicon-chevron-left\"><\/i>\t\t\t\t\t<\/div>\n\t\t\t\t\t<div class=\"elementor-swiper-button elementor-swiper-button-next\" role=\"button\" tabindex=\"0\">\n\t\t\t\t\t\t<i aria-hidden=\"true\" class=\"eicon-chevron-right\"><\/i>\t\t\t\t\t<\/div>\n\t\t\t\t\n\t\t\t\t\t\t\t\t\t<div class=\"swiper-pagination\"><\/div>\n\t\t\t\t\t\t\t\t\t<\/div>\n\t\t\t\t\t\t<\/div>\n\t\t\t\t<\/div>\n\t\t\t\t\t<\/div>\n\t\t<\/div>\n\t\t\t\t\t<\/div>\n\t\t<\/section>\n\t\t\t\t<section class=\"elementor-section elementor-top-section elementor-element elementor-element-81304ea elementor-section-boxed elementor-section-height-default elementor-section-height-default\" data-id=\"81304ea\" data-element_type=\"section\" data-e-type=\"section\">\n\t\t\t\t\t\t<div class=\"elementor-container elementor-column-gap-default\">\n\t\t\t\t\t<div class=\"elementor-column elementor-col-100 elementor-top-column elementor-element elementor-element-3fead2b\" data-id=\"3fead2b\" data-element_type=\"column\" data-e-type=\"column\">\n\t\t\t<div class=\"elementor-widget-wrap elementor-element-populated\">\n\t\t\t\t\t\t<div class=\"elementor-element elementor-element-ae524ca elementor-widget elementor-widget-text-editor\" data-id=\"ae524ca\" data-element_type=\"widget\" data-e-type=\"widget\" data-widget_type=\"text-editor.default\">\n\t\t\t\t<div class=\"elementor-widget-container\">\n\t\t\t\t\t\t\t\t\t<h2><a href=\"https:\/\/art-pe.si\/adriatic\/hr\/\" target=\"_blank\" rel=\"noopener\">Za vi\u0161e informacija i rezervacije apartmana Adriatic SPA kliknite ovdje &gt;&gt;<\/a><\/h2>\t\t\t\t\t\t\t\t<\/div>\n\t\t\t\t<\/div>\n\t\t\t\t\t<\/div>\n\t\t<\/div>\n\t\t\t\t\t<\/div>\n\t\t<\/section>\n\t\t\t\t<\/div>\n\t\t","protected":false},"excerpt":{"rendered":"<p>LUKSUZNI SMJE\u0160TAJ Adriatic SPA Apartment Veseli nas \u0161to vam mo\u017eemo predstaviti na\u0161 prekrasni Adriatic SPA Apartment, savr\u0161eno uto\u010di\u0161te za va\u0161 odmor na moru. Moderan apartman povr\u0161ine 46m2, s velikom natkrivenom terasom od \u010dak 40m2 udaljen je samo minutu i 30 sekundi hoda od ure\u0111ene pla\u017ee na kojoj mo\u017eete u\u017eivati \u200b\u200bu osvje\u017eavaju\u0107em morskom ugo\u0111aju. Elektri\u010dnu energiju [&hellip;]<\/p>\n","protected":false},"author":1,"featured_media":0,"parent":0,"menu_order":0,"comment_status":"closed","ping_status":"closed","template":"","meta":{"footnotes":""},"class_list":["post-12657","page","type-page","status-publish","hentry"],"jetpack_sharing_enabled":true,"_links":{"self":[{"href":"https:\/\/fourstars.si\/hr\/wp-json\/wp\/v2\/pages\/12657","targetHints":{"allow":["GET"]}}],"collection":[{"href":"https:\/\/fourstars.si\/hr\/wp-json\/wp\/v2\/pages"}],"about":[{"href":"https:\/\/fourstars.si\/hr\/wp-json\/wp\/v2\/types\/page"}],"author":[{"embeddable":true,"href":"https:\/\/fourstars.si\/hr\/wp-json\/wp\/v2\/users\/1"}],"replies":[{"embeddable":true,"href":"https:\/\/fourstars.si\/hr\/wp-json\/wp\/v2\/comments?post=12657"}],"version-history":[{"count":9,"href":"https:\/\/fourstars.si\/hr\/wp-json\/wp\/v2\/pages\/12657\/revisions"}],"predecessor-version":[{"id":12745,"href":"https:\/\/fourstars.si\/hr\/wp-json\/wp\/v2\/pages\/12657\/revisions\/12745"}],"wp:attachment":[{"href":"https:\/\/fourstars.si\/hr\/wp-json\/wp\/v2\/media?parent=12657"}],"curies":[{"name":"wp","href":"https:\/\/api.w.org\/{rel}","templated":true}]}}