
{"id":53,"date":"2017-06-14T09:00:42","date_gmt":"2017-06-14T09:00:42","guid":{"rendered":"http:\/\/dummy.xtemos.com\/woodmart\/?post_type=product&#038;p=53"},"modified":"2020-04-11T07:48:12","modified_gmt":"2020-04-11T07:48:12","slug":"prenosna-masazna-miza-restpro","status":"publish","type":"product","link":"https:\/\/fourstars.si\/de\/ponudba\/prenosna-masazna-miza-restpro\/","title":{"rendered":"Prenosna masa\u017ena miza Restpro"},"content":{"rendered":"Profesionalna prenosna masa\u017ena miza Restpro je izredno kompaktna miza za masiranje, ki se lahko pohvali z obilico pozitivnih lastnosti.\r\n\r\n&nbsp;\r\n\r\nZa za\u010detek premore miza kar 250 kg nosilnosti, vsebuje 4 cm debel sloj udobne spominske pene in kvalitetno PU oblazinjenje. Dimenzije zlo\u017eene mize so zgolj 100 x 70 x 20 cm, medtem ko raztegnjena miza vsebuje naslednje dimenzije:\r\n\r\n\u2022 Dol\u017eina: 192 cm \/ 220 cm skupaj z nosilcem za obraz\r\n\r\n\u2022 \u0160irina: 70 cm \/ 95 cm z nosilci za roke\r\n\r\n\u2022 Vi\u0161ina: nastavljiva med 63 in 84 cm\r\n\r\n&nbsp;\r\n\r\nOgrodje je izdelano iz stabilne in trpe\u017ene nem\u0161ke bukve, ki ponuja maksimalno mo\u017eno obremenitev.","protected":false},"excerpt":{"rendered":"<p>Profesionalna prenosna masa\u017ena miza Restpro je izredno kompaktna miza za masiranje, ki se lahko pohvali z obilico pozitivnih lastnosti. &nbsp; Za za\u010detek premore miza kar 250 kg nosilnosti, vsebuje 4 cm debel sloj udobne spominske pene in kvalitetno PU oblazinjenje. Dimenzije zlo\u017eene mize so zgolj 100 x 70 x 20 cm, medtem ko raztegnjena miza [&hellip;]<\/p>\n","protected":false},"featured_media":0,"template":"","meta":[],"product_brand":[],"product_cat":[77],"product_tag":[],"class_list":{"0":"post-53","1":"product","2":"type-product","3":"status-publish","5":"product_cat-fizioterepevtske-mize","7":"first","8":"instock","9":"taxable","10":"shipping-taxable","11":"product-type-simple"},"jetpack_sharing_enabled":true,"_links":{"self":[{"href":"https:\/\/fourstars.si\/de\/wp-json\/wp\/v2\/product\/53","targetHints":{"allow":["GET"]}}],"collection":[{"href":"https:\/\/fourstars.si\/de\/wp-json\/wp\/v2\/product"}],"about":[{"href":"https:\/\/fourstars.si\/de\/wp-json\/wp\/v2\/types\/product"}],"wp:attachment":[{"href":"https:\/\/fourstars.si\/de\/wp-json\/wp\/v2\/media?parent=53"}],"wp:term":[{"taxonomy":"product_brand","embeddable":true,"href":"https:\/\/fourstars.si\/de\/wp-json\/wp\/v2\/product_brand?post=53"},{"taxonomy":"product_cat","embeddable":true,"href":"https:\/\/fourstars.si\/de\/wp-json\/wp\/v2\/product_cat?post=53"},{"taxonomy":"product_tag","embeddable":true,"href":"https:\/\/fourstars.si\/de\/wp-json\/wp\/v2\/product_tag?post=53"}],"curies":[{"name":"wp","href":"https:\/\/api.w.org\/{rel}","templated":true}]}}