
{"id":12696,"date":"2024-05-20T13:25:52","date_gmt":"2024-05-20T13:25:52","guid":{"rendered":"https:\/\/fourstars.si\/adriatic-spa-apartment\/"},"modified":"2024-06-10T07:19:38","modified_gmt":"2024-06-10T07:19:38","slug":"adriatic-spa-apartment","status":"publish","type":"page","link":"https:\/\/fourstars.si\/de\/adriatic-spa-apartment\/","title":{"rendered":"Adriatic SPA Apartment"},"content":{"rendered":"\t\t<div data-elementor-type=\"wp-page\" data-elementor-id=\"12696\" class=\"elementor elementor-12696 elementor-12529\">\n\t\t\t\t\t\t<section class=\"elementor-section elementor-top-section elementor-element elementor-element-b4a54c5 elementor-section-boxed elementor-section-height-default elementor-section-height-default\" data-id=\"b4a54c5\" data-element_type=\"section\" data-e-type=\"section\">\n\t\t\t\t\t\t<div class=\"elementor-container elementor-column-gap-default\">\n\t\t\t\t\t<div class=\"elementor-column elementor-col-100 elementor-top-column elementor-element elementor-element-ec20325\" data-id=\"ec20325\" data-element_type=\"column\" data-e-type=\"column\">\n\t\t\t<div class=\"elementor-widget-wrap\">\n\t\t\t\t\t\t\t<\/div>\n\t\t<\/div>\n\t\t\t\t\t<\/div>\n\t\t<\/section>\n\t\t\t\t<section class=\"elementor-section elementor-top-section elementor-element elementor-element-baadf2b elementor-section-boxed elementor-section-height-default elementor-section-height-default\" data-id=\"baadf2b\" data-element_type=\"section\" data-e-type=\"section\">\n\t\t\t\t\t\t<div class=\"elementor-container elementor-column-gap-default\">\n\t\t\t\t\t<div class=\"elementor-column elementor-col-100 elementor-top-column elementor-element elementor-element-b54c0d2\" data-id=\"b54c0d2\" data-element_type=\"column\" data-e-type=\"column\">\n\t\t\t<div class=\"elementor-widget-wrap elementor-element-populated\">\n\t\t\t\t\t\t<div class=\"elementor-element elementor-element-ee52325 elementor-align-left elementor-widget elementor-widget-pages-restaurant-content\" data-id=\"ee52325\" data-element_type=\"widget\" data-e-type=\"widget\" data-widget_type=\"pages-restaurant-content.default\">\n\t\t\t\t<div class=\"elementor-widget-container\">\n\t\t\t\t\t\r\n\t\t<section class=\"rooms-page section-padding\" data-scroll-index=\"1\">\r\n\t\t\t<div class=\"container\">\r\n\t\t\t\t<div class=\"row\">\r\n\t\t\t\t\t<div class=\"col-md-12 text-left\"> \r\n\t\t\t\t\t\t<span>\r\n\t\t\t\t\t\t\t\t\t\t\t\t\t\t\t<i class=\"star-rating\"><\/i>\r\n\t\t\t\t\t\t\t\t<i class=\"star-rating\"><\/i>\r\n\t\t\t\t\t\t\t\t<i class=\"star-rating\"><\/i>\r\n\t\t\t\t\t\t\t\t<i class=\"star-rating\"><\/i>\r\n\t\t\t\t\t\t\t\t\t\t\t\t\t<\/span>\r\n\t\t\t\t\t\t\t\t\t\t\t\t\t<div class=\"section-subtitle\">LUXUSUNTERKUNFT<\/div>\r\n\t\t\t\t\t\t\t\t\t\t\t\t\t\t\t\t\t\t\t<div class=\"section-title\">Adriatic SPA Apartment<\/div>\r\n\t\t\t\t\t\t\t\t\t\t\t<\/div>\r\n\t\t\t\t\t<div class=\"col-md-12\">\r\n\t\t\t\t\t\t\t\t\t\t\t\tWir freuen uns Ihnen unser wundersch\u00f6nes Adriatic SPA Apartment pr\u00e4sentieren zu d\u00fcrfen \u2013 der perfekte R\u00fcckzugsort f\u00fcr Ihren Urlaub am Meer. Ein modernes 46m\u00b2 Apartment mit gro\u00dfer 40m\u00b2 Terrasse, nur 30 Sekunden zu Fu\u00df vom gut gepflegten Strand entfernt, wo Sie erfrischendes Meeres-Ambiente genie\u00dfen k\u00f6nnen. Unser Strom kommt zum gr\u00f6\u00dften Teil von der Sonne, womit wir unseren Beitrag f\u00fcr eine bessere Zukunft leisten. \t\t\t\t\t\t\t\t\t\t\t\t<ul class=\"list-unstyled page-list mb-30\">\r\n\t\t\t\t\t\t\t\t\t\t\t\t\t\t\t<li>\r\n\t\t\t\t\t\t\t\t\t\t\t\t\t\t\t\t\t\t\t\t\t\t\t\t\t\t<\/li>\r\n\t\t\t\t\t\t\t\t\t\t\t\t\t<\/ul>\r\n\t\t\t\t\t<\/div>\r\n\t\t\t\t<\/div>\r\n\t\t\t<\/div>\r\n\t\t<\/section>\r\n\r\n\t\t\t\t\t<\/div>\n\t\t\t\t<\/div>\n\t\t\t\t\t<\/div>\n\t\t<\/div>\n\t\t\t\t\t<\/div>\n\t\t<\/section>\n\t\t\t\t<section class=\"elementor-section elementor-top-section elementor-element elementor-element-6226b59 elementor-section-boxed elementor-section-height-default elementor-section-height-default\" data-id=\"6226b59\" data-element_type=\"section\" data-e-type=\"section\">\n\t\t\t\t\t\t<div class=\"elementor-container elementor-column-gap-default\">\n\t\t\t\t\t<div class=\"elementor-column elementor-col-100 elementor-top-column elementor-element elementor-element-bbd97ba\" data-id=\"bbd97ba\" data-element_type=\"column\" data-e-type=\"column\">\n\t\t\t<div class=\"elementor-widget-wrap elementor-element-populated\">\n\t\t\t\t\t\t<div class=\"elementor-element elementor-element-2d84099 elementor-arrows-position-inside elementor-pagination-position-outside elementor-widget elementor-widget-image-carousel\" data-id=\"2d84099\" data-element_type=\"widget\" data-e-type=\"widget\" data-settings=\"{&quot;navigation&quot;:&quot;both&quot;,&quot;autoplay&quot;:&quot;yes&quot;,&quot;pause_on_hover&quot;:&quot;yes&quot;,&quot;pause_on_interaction&quot;:&quot;yes&quot;,&quot;autoplay_speed&quot;:5000,&quot;infinite&quot;:&quot;yes&quot;,&quot;speed&quot;:500}\" data-widget_type=\"image-carousel.default\">\n\t\t\t\t<div class=\"elementor-widget-container\">\n\t\t\t\t\t\t\t<div class=\"elementor-image-carousel-wrapper swiper\" role=\"region\" aria-roledescription=\"carousel\" aria-label=\"Bild Karussell\" dir=\"ltr\">\n\t\t\t<div class=\"elementor-image-carousel swiper-wrapper\" aria-live=\"off\">\n\t\t\t\t\t\t\t\t<div class=\"swiper-slide\" role=\"group\" aria-roledescription=\"slide\" aria-label=\"1 von 4\"><figure class=\"swiper-slide-inner\"><img decoding=\"async\" class=\"swiper-slide-image\" src=\"https:\/\/fourstars.si\/wp-content\/uploads\/2024\/05\/pametna-televizija-1.jpg\" alt=\"xr:d:DAGAgjdPOWA:21,j:3726025567552071852,t:24032511\" \/><\/figure><\/div><div class=\"swiper-slide\" role=\"group\" aria-roledescription=\"slide\" aria-label=\"2 von 4\"><figure class=\"swiper-slide-inner\"><img decoding=\"async\" class=\"swiper-slide-image\" src=\"https:\/\/fourstars.si\/wp-content\/uploads\/2024\/05\/adriatic-spa-selce-dnevana-soba-1.jpg\" alt=\"xr:d:DAGAgjdPOWA:6,j:3429913887914613711,t:24032510\" \/><\/figure><\/div><div class=\"swiper-slide\" role=\"group\" aria-roledescription=\"slide\" aria-label=\"3 von 4\"><figure class=\"swiper-slide-inner\"><img decoding=\"async\" class=\"swiper-slide-image\" src=\"https:\/\/fourstars.si\/wp-content\/uploads\/2024\/05\/jacuzzi-selce.jpg\" alt=\"xr:d:DAGBP476_3Q:8,j:3944450956348011701,t:24040207\" \/><\/figure><\/div><div class=\"swiper-slide\" role=\"group\" aria-roledescription=\"slide\" aria-label=\"4 von 4\"><figure class=\"swiper-slide-inner\"><img decoding=\"async\" class=\"swiper-slide-image\" src=\"https:\/\/fourstars.si\/wp-content\/uploads\/2024\/05\/adriatic-spa-selce-spalnica-1.jpg\" alt=\"xr:d:DAGAgjdPOWA:4,j:1225401873491268098,t:24032510\" \/><\/figure><\/div>\t\t\t<\/div>\n\t\t\t\t\t\t\t\t\t\t\t\t<div class=\"elementor-swiper-button elementor-swiper-button-prev\" role=\"button\" tabindex=\"0\">\n\t\t\t\t\t\t<i aria-hidden=\"true\" class=\"eicon-chevron-left\"><\/i>\t\t\t\t\t<\/div>\n\t\t\t\t\t<div class=\"elementor-swiper-button elementor-swiper-button-next\" role=\"button\" tabindex=\"0\">\n\t\t\t\t\t\t<i aria-hidden=\"true\" class=\"eicon-chevron-right\"><\/i>\t\t\t\t\t<\/div>\n\t\t\t\t\n\t\t\t\t\t\t\t\t\t<div class=\"swiper-pagination\"><\/div>\n\t\t\t\t\t\t\t\t\t<\/div>\n\t\t\t\t\t\t<\/div>\n\t\t\t\t<\/div>\n\t\t\t\t\t<\/div>\n\t\t<\/div>\n\t\t\t\t\t<\/div>\n\t\t<\/section>\n\t\t\t\t<section class=\"elementor-section elementor-top-section elementor-element elementor-element-81304ea elementor-section-boxed elementor-section-height-default elementor-section-height-default\" data-id=\"81304ea\" data-element_type=\"section\" data-e-type=\"section\">\n\t\t\t\t\t\t<div class=\"elementor-container elementor-column-gap-default\">\n\t\t\t\t\t<div class=\"elementor-column elementor-col-100 elementor-top-column elementor-element elementor-element-3fead2b\" data-id=\"3fead2b\" data-element_type=\"column\" data-e-type=\"column\">\n\t\t\t<div class=\"elementor-widget-wrap elementor-element-populated\">\n\t\t\t\t\t\t<div class=\"elementor-element elementor-element-ae524ca elementor-widget elementor-widget-text-editor\" data-id=\"ae524ca\" data-element_type=\"widget\" data-e-type=\"widget\" data-widget_type=\"text-editor.default\">\n\t\t\t\t<div class=\"elementor-widget-container\">\n\t\t\t\t\t\t\t\t\t<h2><a href=\"https:\/\/art-pe.si\/adriatic\/de\/\" target=\"_blank\" rel=\"noopener\">F\u00fcr weitere Informationen und Reservierungen f\u00fcr Unterk\u00fcnfte im Adriatic SPA apartment klicken Sie hier &gt;&gt;<\/a><\/h2>\t\t\t\t\t\t\t\t<\/div>\n\t\t\t\t<\/div>\n\t\t\t\t\t<\/div>\n\t\t<\/div>\n\t\t\t\t\t<\/div>\n\t\t<\/section>\n\t\t\t\t<\/div>\n\t\t","protected":false},"excerpt":{"rendered":"<p>LUXUSUNTERKUNFT Adriatic SPA Apartment Wir freuen uns Ihnen unser wundersch\u00f6nes Adriatic SPA Apartment pr\u00e4sentieren zu d\u00fcrfen \u2013 der perfekte R\u00fcckzugsort f\u00fcr Ihren Urlaub am Meer. Ein modernes 46m\u00b2 Apartment mit gro\u00dfer 40m\u00b2 Terrasse, nur 30 Sekunden zu Fu\u00df vom gut gepflegten Strand entfernt, wo Sie erfrischendes Meeres-Ambiente genie\u00dfen k\u00f6nnen. Unser Strom kommt zum gr\u00f6\u00dften Teil [&hellip;]<\/p>\n","protected":false},"author":1,"featured_media":0,"parent":0,"menu_order":0,"comment_status":"closed","ping_status":"closed","template":"","meta":{"footnotes":""},"class_list":["post-12696","page","type-page","status-publish","hentry"],"jetpack_sharing_enabled":true,"_links":{"self":[{"href":"https:\/\/fourstars.si\/de\/wp-json\/wp\/v2\/pages\/12696","targetHints":{"allow":["GET"]}}],"collection":[{"href":"https:\/\/fourstars.si\/de\/wp-json\/wp\/v2\/pages"}],"about":[{"href":"https:\/\/fourstars.si\/de\/wp-json\/wp\/v2\/types\/page"}],"author":[{"embeddable":true,"href":"https:\/\/fourstars.si\/de\/wp-json\/wp\/v2\/users\/1"}],"replies":[{"embeddable":true,"href":"https:\/\/fourstars.si\/de\/wp-json\/wp\/v2\/comments?post=12696"}],"version-history":[{"count":9,"href":"https:\/\/fourstars.si\/de\/wp-json\/wp\/v2\/pages\/12696\/revisions"}],"predecessor-version":[{"id":12746,"href":"https:\/\/fourstars.si\/de\/wp-json\/wp\/v2\/pages\/12696\/revisions\/12746"}],"wp:attachment":[{"href":"https:\/\/fourstars.si\/de\/wp-json\/wp\/v2\/media?parent=12696"}],"curies":[{"name":"wp","href":"https:\/\/api.w.org\/{rel}","templated":true}]}}