
{"id":51,"date":"2017-06-14T08:55:23","date_gmt":"2017-06-14T08:55:23","guid":{"rendered":"http:\/\/dummy.xtemos.com\/woodmart\/?post_type=product&#038;p=51"},"modified":"2020-04-11T07:48:22","modified_gmt":"2020-04-11T07:48:22","slug":"flizelin-perforirana-rola-08x150m","status":"publish","type":"product","link":"https:\/\/fourstars.si\/cs\/ponudba\/flizelin-perforirana-rola-08x150m\/","title":{"rendered":"Flizelin perforirana rola 0,8 x 150 m | BEAUTYtim"},"content":{"rendered":"150 metrov dolga in 80 centimetrov \u0161iroka perforirana rola za enkratno uporabo. Flizelin je perforiran na vsake 200 cm.\r\n\r\n&nbsp;\r\n\r\nFlizelin je najbolj pogosto uporabljena za\u0161\u010dita kozmeti\u010dne ali masa\u017ene mize. Izdelana je iz mehkega, in nealergenega materiala.\r\n\r\n&nbsp;","protected":false},"excerpt":{"rendered":"<p>150 metrov dolga in 80 centimetrov \u0161iroka perforirana rola za enkratno uporabo. Flizelin je perforiran na vsake 200 cm. &nbsp; Flizelin je najbolj pogosto uporabljena za\u0161\u010dita kozmeti\u010dne ali masa\u017ene mize. Izdelana je iz mehkega, in nealergenega materiala. &nbsp;<\/p>\n","protected":false},"featured_media":0,"template":"","meta":[],"product_brand":[],"product_cat":[80],"product_tag":[],"class_list":{"0":"post-51","1":"product","2":"type-product","3":"status-publish","5":"product_cat-potrosni-material","7":"first","8":"instock","9":"taxable","10":"shipping-taxable","11":"product-type-simple"},"jetpack_sharing_enabled":true,"_links":{"self":[{"href":"https:\/\/fourstars.si\/cs\/wp-json\/wp\/v2\/product\/51","targetHints":{"allow":["GET"]}}],"collection":[{"href":"https:\/\/fourstars.si\/cs\/wp-json\/wp\/v2\/product"}],"about":[{"href":"https:\/\/fourstars.si\/cs\/wp-json\/wp\/v2\/types\/product"}],"wp:attachment":[{"href":"https:\/\/fourstars.si\/cs\/wp-json\/wp\/v2\/media?parent=51"}],"wp:term":[{"taxonomy":"product_brand","embeddable":true,"href":"https:\/\/fourstars.si\/cs\/wp-json\/wp\/v2\/product_brand?post=51"},{"taxonomy":"product_cat","embeddable":true,"href":"https:\/\/fourstars.si\/cs\/wp-json\/wp\/v2\/product_cat?post=51"},{"taxonomy":"product_tag","embeddable":true,"href":"https:\/\/fourstars.si\/cs\/wp-json\/wp\/v2\/product_tag?post=51"}],"curies":[{"name":"wp","href":"https:\/\/api.w.org\/{rel}","templated":true}]}}