
{"id":49,"date":"2017-06-14T08:42:20","date_gmt":"2017-06-14T08:42:20","guid":{"rendered":"http:\/\/dummy.xtemos.com\/woodmart\/?post_type=product&#038;p=49"},"modified":"2020-04-11T07:50:06","modified_gmt":"2020-04-11T07:50:06","slug":"elektricna-masazna-miza-aja-1motor","status":"publish","type":"product","link":"https:\/\/fourstars.si\/cs\/ponudba\/elektricna-masazna-miza-aja-1motor\/","title":{"rendered":"Elektri\u010dna masa\u017ena miza ANJA | 1 x motor"},"content":{"rendered":"Masa\u017ena elektri\u010dno nastavljiva miza ANJA\u00a0 bo navdu\u0161ila vsakega maserja in terapevta, saj omogo\u010da dvig celotne povr\u0161ine od 52 do 85 cm. V tem razponu bo vsakdo na\u0161el pozicijo, katera mu bo popolnoma ustrezala.\r\n\r\nZa la\u017eje upravljanje mize poskrbi elektro motor, ki upravlja vi\u0161ino elektri\u010dne masa\u017ene mize preko ro\u010dnega upravljalnika in je med svojim delovanjem izredno tih in ne povzro\u010da nobenih tresljajev in vibracij, kar bo pripomoglo k dodatnem udobju pri va\u0161ih strankah.\r\n\r\nNaslon hrbtnega dela pa je dodatno nastavljiv s pomo\u010djo hidravlike\r\n\r\n&nbsp;\r\n\r\nTehni\u010dne specifikacije:\r\n\r\n1x elektromotor,\r\nhidravli\u010dno nastavljiv naslon za hrbet z luknjo za glavo in blazino za naslon\r\nOblazinjenje: PU usnje &#8211; bela barva &#8211; 9 cm,\r\nDvig: 52 &#8211; 85 cm ,\r\nMere: 202 x 70 \/ 52 &#8211; 85 cm ,\r\nMax delovna obremenitev: 210kg,\r\nTe\u017ea: 55kg.\r\nNosilec za role.","protected":false},"excerpt":{"rendered":"<p>Masa\u017ena elektri\u010dno nastavljiva miza ANJA\u00a0 bo navdu\u0161ila vsakega maserja in terapevta, saj omogo\u010da dvig celotne povr\u0161ine od 52 do 85 cm. V tem razponu bo vsakdo na\u0161el pozicijo, katera mu bo popolnoma ustrezala. Za la\u017eje upravljanje mize poskrbi elektro motor, ki upravlja vi\u0161ino elektri\u010dne masa\u017ene mize preko ro\u010dnega upravljalnika in je med svojim delovanjem izredno [&hellip;]<\/p>\n","protected":false},"featured_media":0,"template":"","meta":[],"product_brand":[],"product_cat":[77],"product_tag":[],"class_list":{"0":"post-49","1":"product","2":"type-product","3":"status-publish","5":"product_cat-fizioterepevtske-mize","7":"first","8":"instock","9":"taxable","10":"shipping-taxable","11":"product-type-simple"},"jetpack_sharing_enabled":true,"_links":{"self":[{"href":"https:\/\/fourstars.si\/cs\/wp-json\/wp\/v2\/product\/49","targetHints":{"allow":["GET"]}}],"collection":[{"href":"https:\/\/fourstars.si\/cs\/wp-json\/wp\/v2\/product"}],"about":[{"href":"https:\/\/fourstars.si\/cs\/wp-json\/wp\/v2\/types\/product"}],"wp:attachment":[{"href":"https:\/\/fourstars.si\/cs\/wp-json\/wp\/v2\/media?parent=49"}],"wp:term":[{"taxonomy":"product_brand","embeddable":true,"href":"https:\/\/fourstars.si\/cs\/wp-json\/wp\/v2\/product_brand?post=49"},{"taxonomy":"product_cat","embeddable":true,"href":"https:\/\/fourstars.si\/cs\/wp-json\/wp\/v2\/product_cat?post=49"},{"taxonomy":"product_tag","embeddable":true,"href":"https:\/\/fourstars.si\/cs\/wp-json\/wp\/v2\/product_tag?post=49"}],"curies":[{"name":"wp","href":"https:\/\/api.w.org\/{rel}","templated":true}]}}