
{"id":45,"date":"2017-06-14T08:22:56","date_gmt":"2017-06-14T08:22:56","guid":{"rendered":"http:\/\/dummy.xtemos.com\/woodmart\/?post_type=product&#038;p=45"},"modified":"2020-04-11T07:50:17","modified_gmt":"2020-04-11T07:50:17","slug":"papirnata-rol-perforirana-60x80","status":"publish","type":"product","link":"https:\/\/fourstars.si\/cs\/ponudba\/papirnata-rol-perforirana-60x80\/","title":{"rendered":"Papirnata rola, perforirana | 60cm x 80m"},"content":{"rendered":"Papirnata perforirana rola je nepogre\u0161ljiv pripomo\u010dek za ohranjanje \u010disto\u010de v kozmeti\u010dnih in masa\u017enih salonih ter v zdravni\u0161kih ambaluntah. Papirnata rjuha je zelo enostavna za uporabo saj je perforirana na dolo\u010deno dol\u017eino za la\u017eje odtrganje.","protected":false},"excerpt":{"rendered":"<p>Papirnata perforirana rola je nepogre\u0161ljiv pripomo\u010dek za ohranjanje \u010disto\u010de v kozmeti\u010dnih in masa\u017enih salonih ter v zdravni\u0161kih ambaluntah. Papirnata rjuha je zelo enostavna za uporabo saj je perforirana na dolo\u010deno dol\u017eino za la\u017eje odtrganje.<\/p>\n","protected":false},"featured_media":0,"template":"","meta":[],"product_brand":[],"product_cat":[80],"product_tag":[],"class_list":{"0":"post-45","1":"product","2":"type-product","3":"status-publish","5":"product_cat-potrosni-material","7":"first","8":"instock","9":"taxable","10":"shipping-taxable","11":"product-type-simple"},"jetpack_sharing_enabled":true,"_links":{"self":[{"href":"https:\/\/fourstars.si\/cs\/wp-json\/wp\/v2\/product\/45","targetHints":{"allow":["GET"]}}],"collection":[{"href":"https:\/\/fourstars.si\/cs\/wp-json\/wp\/v2\/product"}],"about":[{"href":"https:\/\/fourstars.si\/cs\/wp-json\/wp\/v2\/types\/product"}],"wp:attachment":[{"href":"https:\/\/fourstars.si\/cs\/wp-json\/wp\/v2\/media?parent=45"}],"wp:term":[{"taxonomy":"product_brand","embeddable":true,"href":"https:\/\/fourstars.si\/cs\/wp-json\/wp\/v2\/product_brand?post=45"},{"taxonomy":"product_cat","embeddable":true,"href":"https:\/\/fourstars.si\/cs\/wp-json\/wp\/v2\/product_cat?post=45"},{"taxonomy":"product_tag","embeddable":true,"href":"https:\/\/fourstars.si\/cs\/wp-json\/wp\/v2\/product_tag?post=45"}],"curies":[{"name":"wp","href":"https:\/\/api.w.org\/{rel}","templated":true}]}}