
{"id":42,"date":"2017-06-14T08:07:28","date_gmt":"2017-06-14T08:07:28","guid":{"rendered":"http:\/\/dummy.xtemos.com\/woodmart\/?post_type=product&#038;p=42"},"modified":"2020-04-11T07:49:12","modified_gmt":"2020-04-11T07:49:12","slug":"masazna-terapvetska-miza-rora-fox-2234a-acrum","status":"publish","type":"product","link":"https:\/\/fourstars.si\/cs\/ponudba\/masazna-terapvetska-miza-rora-fox-2234a-acrum\/","title":{"rendered":"Masa\u017ena terapevtska miza Rora Fox-2234A | Acrum |"},"content":{"rendered":"Masa\u017ena miza je primerna za izvajanje vseh vrst masa\u017e, tako klasi\u010dnih kot specializiranih. Lahko jo uporabite za izvajanje klasi\u010dne masa\u017ee celega telesa ali le posameznega dela telesa. Prav tako je primerna za izvajanje \u0161portnih, terapevtskih in proticelulitnih.\r\n\r\nPosebnost masa\u017ene mize je maksimalno prilagajanje pozicije za nemoteno izvajanje katerekoli vrste masa\u017ee z najmanj napora. \u0160e posebej za izvajanje terapevtske masa\u017ee, kjer je nastavitev mize klju\u010dnega pomena.\r\n\r\n&nbsp;\r\n\r\nTehni\u010dne specifikacije:\r\n\r\n\u2022 3x elektromotor,\r\n\u2022 Oblazinjenje:\u00a0PU usnje &#8211; bele barve &#8211; cca.8 cm,\r\n\u2022 Dvig:\u00a055 &#8211; 95 cm,\r\n\u2022 Mere:\u00a0200 x 73 \/ 92 cm ,\r\n\u2022 Max obremenitev:\u00a0200kg ,\r\n\u2022 Te\u017ea:\u00a083kg.\r\n\u2022 Pakiranje:\u00a0204 x 75 x 55cm ,\r\n\u2022 Bruto te\u017ea:\u00a098kg.\r\n\u2022 Barva:\u00a0bela.","protected":false},"excerpt":{"rendered":"<p>Masa\u017ena miza je primerna za izvajanje vseh vrst masa\u017e, tako klasi\u010dnih kot specializiranih. Lahko jo uporabite za izvajanje klasi\u010dne masa\u017ee celega telesa ali le posameznega dela telesa. Prav tako je primerna za izvajanje \u0161portnih, terapevtskih in proticelulitnih. Posebnost masa\u017ene mize je maksimalno prilagajanje pozicije za nemoteno izvajanje katerekoli vrste masa\u017ee z najmanj napora. \u0160e posebej [&hellip;]<\/p>\n","protected":false},"featured_media":0,"template":"","meta":[],"product_brand":[],"product_cat":[77],"product_tag":[],"class_list":{"0":"post-42","1":"product","2":"type-product","3":"status-publish","5":"product_cat-fizioterepevtske-mize","7":"first","8":"instock","9":"taxable","10":"shipping-taxable","11":"product-type-simple"},"jetpack_sharing_enabled":true,"_links":{"self":[{"href":"https:\/\/fourstars.si\/cs\/wp-json\/wp\/v2\/product\/42","targetHints":{"allow":["GET"]}}],"collection":[{"href":"https:\/\/fourstars.si\/cs\/wp-json\/wp\/v2\/product"}],"about":[{"href":"https:\/\/fourstars.si\/cs\/wp-json\/wp\/v2\/types\/product"}],"wp:attachment":[{"href":"https:\/\/fourstars.si\/cs\/wp-json\/wp\/v2\/media?parent=42"}],"wp:term":[{"taxonomy":"product_brand","embeddable":true,"href":"https:\/\/fourstars.si\/cs\/wp-json\/wp\/v2\/product_brand?post=42"},{"taxonomy":"product_cat","embeddable":true,"href":"https:\/\/fourstars.si\/cs\/wp-json\/wp\/v2\/product_cat?post=42"},{"taxonomy":"product_tag","embeddable":true,"href":"https:\/\/fourstars.si\/cs\/wp-json\/wp\/v2\/product_tag?post=42"}],"curies":[{"name":"wp","href":"https:\/\/api.w.org\/{rel}","templated":true}]}}