
{"id":3352,"date":"2020-04-06T18:12:18","date_gmt":"2020-04-06T18:12:18","guid":{"rendered":"http:\/\/fourstars.si\/?post_type=product&#038;p=3352"},"modified":"2020-04-07T11:25:12","modified_gmt":"2020-04-07T11:25:12","slug":"zascitne-3-slojne-kirurske-maske-pakiranje-1-50","status":"publish","type":"product","link":"https:\/\/fourstars.si\/cs\/ponudba\/zascitne-3-slojne-kirurske-maske-pakiranje-1-50\/","title":{"rendered":"Za\u0161\u010ditna 3 slojna kirur\u0161ka maska (pakiranje 1\/50)"},"content":{"rendered":"","protected":false},"excerpt":{"rendered":"","protected":false},"featured_media":0,"template":"","meta":[],"product_brand":[],"product_cat":[70],"product_tag":[],"class_list":{"0":"post-3352","1":"product","2":"type-product","3":"status-publish","5":"product_cat-zascitne-maske","7":"first","8":"instock","9":"featured","10":"taxable","11":"shipping-taxable","12":"product-type-simple"},"jetpack_sharing_enabled":true,"_links":{"self":[{"href":"https:\/\/fourstars.si\/cs\/wp-json\/wp\/v2\/product\/3352","targetHints":{"allow":["GET"]}}],"collection":[{"href":"https:\/\/fourstars.si\/cs\/wp-json\/wp\/v2\/product"}],"about":[{"href":"https:\/\/fourstars.si\/cs\/wp-json\/wp\/v2\/types\/product"}],"wp:attachment":[{"href":"https:\/\/fourstars.si\/cs\/wp-json\/wp\/v2\/media?parent=3352"}],"wp:term":[{"taxonomy":"product_brand","embeddable":true,"href":"https:\/\/fourstars.si\/cs\/wp-json\/wp\/v2\/product_brand?post=3352"},{"taxonomy":"product_cat","embeddable":true,"href":"https:\/\/fourstars.si\/cs\/wp-json\/wp\/v2\/product_cat?post=3352"},{"taxonomy":"product_tag","embeddable":true,"href":"https:\/\/fourstars.si\/cs\/wp-json\/wp\/v2\/product_tag?post=3352"}],"curies":[{"name":"wp","href":"https:\/\/api.w.org\/{rel}","templated":true}]}}